{"id":22,"date":"2026-04-05T20:27:18","date_gmt":"2026-04-05T20:27:18","guid":{"rendered":"http:\/\/centrokinese.com\/?page_id=22"},"modified":"2026-04-06T07:56:27","modified_gmt":"2026-04-06T07:56:27","slug":"inicio","status":"publish","type":"page","link":"https:\/\/centrokinese.com\/","title":{"rendered":"Inicio"},"content":{"rendered":"<div class=\"wp-block-image is-style-default\">\n<figure class=\"aligncenter size-full is-resized\"><img loading=\"lazy\" decoding=\"async\" width=\"1024\" height=\"683\" src=\"http:\/\/centrokinese.com\/wp-content\/uploads\/2026\/04\/osteopatia.jpg\" alt=\"\" class=\"wp-image-10\" style=\"aspect-ratio:1.4992860651486386;width:720px;height:auto\" srcset=\"https:\/\/centrokinese.com\/wp-content\/uploads\/2026\/04\/osteopatia.jpg 1024w, https:\/\/centrokinese.com\/wp-content\/uploads\/2026\/04\/osteopatia-300x200.jpg 300w, https:\/\/centrokinese.com\/wp-content\/uploads\/2026\/04\/osteopatia-768x512.jpg 768w\" sizes=\"auto, (max-width: 1024px) 100vw, 1024px\" \/><\/figure>\n<\/div>\n\n\n<p><\/p>\n\n\n\n<p>El centro de fisioterapia y osteopat\u00eda Kinese fue inaugurado en el a\u00f1o 2006. Desde entonces ofrecemos el servicio mejor adaptado a cada patolog\u00eda y cada paciente.<\/p>\n\n\n\n<p>Nuestra filosof\u00eda es valorar al paciente de forma hol\u00edstica, consider\u00e1ndolo un todo, y siempre tratando de mejorar la sintomatolog\u00eda del paciente incidiendo nuestro tratamiento en el origen del problema.<\/p>\n\n\n\n<p>Seguimos en continua formaci\u00f3n para ofrecer el mejor servicio y as\u00ed mejorar la calidad de nuestros tratamientos.<\/p>\n","protected":false},"excerpt":{"rendered":"<p> [&hellip;]<\/p>\n","protected":false},"author":1,"featured_media":0,"parent":0,"menu_order":0,"comment_status":"closed","ping_status":"closed","template":"page-templates\/single-testimonial.php","meta":{"footnotes":""},"class_list":["post-22","page","type-page","status-publish","hentry","clearfix"],"_links":{"self":[{"href":"https:\/\/centrokinese.com\/index.php\/wp-json\/wp\/v2\/pages\/22","targetHints":{"allow":["GET"]}}],"collection":[{"href":"https:\/\/centrokinese.com\/index.php\/wp-json\/wp\/v2\/pages"}],"about":[{"href":"https:\/\/centrokinese.com\/index.php\/wp-json\/wp\/v2\/types\/page"}],"author":[{"embeddable":true,"href":"https:\/\/centrokinese.com\/index.php\/wp-json\/wp\/v2\/users\/1"}],"replies":[{"embeddable":true,"href":"https:\/\/centrokinese.com\/index.php\/wp-json\/wp\/v2\/comments?post=22"}],"version-history":[{"count":20,"href":"https:\/\/centrokinese.com\/index.php\/wp-json\/wp\/v2\/pages\/22\/revisions"}],"predecessor-version":[{"id":62,"href":"https:\/\/centrokinese.com\/index.php\/wp-json\/wp\/v2\/pages\/22\/revisions\/62"}],"wp:attachment":[{"href":"https:\/\/centrokinese.com\/index.php\/wp-json\/wp\/v2\/media?parent=22"}],"curies":[{"name":"wp","href":"https:\/\/api.w.org\/{rel}","templated":true}]}}