{"id":66,"date":"2026-04-06T08:04:07","date_gmt":"2026-04-06T08:04:07","guid":{"rendered":"http:\/\/centrokinese.com\/?page_id=66"},"modified":"2026-04-11T22:19:47","modified_gmt":"2026-04-11T22:19:47","slug":"tratamientos","status":"publish","type":"page","link":"https:\/\/centrokinese.com\/index.php\/tratamientos\/","title":{"rendered":"Tratamientos"},"content":{"rendered":"\n<ul class=\"wp-block-list\">\n<li>Fisioterapia reumatol\u00f3gica (artrosis, artritis reumatoide, espondilitis anquilosante, fibrolmialgia)<\/li>\n\n\n\n<li>Escoliosis, trastornos de la alineaci\u00f3n vertebral<\/li>\n\n\n\n<li>Fisioterpia neurol\u00f3gica (ictus, enfermedad de parkinson, esclerosis m\u00faltiple, esclerosis lateral amiotr\u00f3fica, ataxia, lesi\u00f3n nerviosa perif\u00e9rica<\/li>\n\n\n\n<li>Fisioterapia deportiva (tendinitis, esguinces, luxaciones)<\/li>\n\n\n\n<li>Fisioterpia postquir\u00fargica (pr\u00f3tesis cadera y rodilla, intervenciones postfractura, cirug\u00edas ligamentarias, ces\u00e1rea, hernias<\/li>\n\n\n\n<li>Fisioterapia en la mujer (pre y postparto, ces\u00e1reas, disfunciones ginecol\u00f3gicas)<\/li>\n\n\n\n<li>Fisioterapia esfera orofacial (atm)<\/li>\n<\/ul>\n\n\n\n<figure class=\"wp-block-image size-full\"><img loading=\"lazy\" decoding=\"async\" width=\"1024\" height=\"683\" src=\"https:\/\/centrokinese.com\/wp-content\/uploads\/2026\/04\/Physiotherapy-courses-in-the-united-kingdom-1024x683-1.jpg\" alt=\"\" class=\"wp-image-102\" srcset=\"https:\/\/centrokinese.com\/wp-content\/uploads\/2026\/04\/Physiotherapy-courses-in-the-united-kingdom-1024x683-1.jpg 1024w, https:\/\/centrokinese.com\/wp-content\/uploads\/2026\/04\/Physiotherapy-courses-in-the-united-kingdom-1024x683-1-300x200.jpg 300w, https:\/\/centrokinese.com\/wp-content\/uploads\/2026\/04\/Physiotherapy-courses-in-the-united-kingdom-1024x683-1-768x512.jpg 768w, https:\/\/centrokinese.com\/wp-content\/uploads\/2026\/04\/Physiotherapy-courses-in-the-united-kingdom-1024x683-1-700x467.jpg 700w, https:\/\/centrokinese.com\/wp-content\/uploads\/2026\/04\/Physiotherapy-courses-in-the-united-kingdom-1024x683-1-520x347.jpg 520w, https:\/\/centrokinese.com\/wp-content\/uploads\/2026\/04\/Physiotherapy-courses-in-the-united-kingdom-1024x683-1-360x240.jpg 360w, https:\/\/centrokinese.com\/wp-content\/uploads\/2026\/04\/Physiotherapy-courses-in-the-united-kingdom-1024x683-1-250x167.jpg 250w, https:\/\/centrokinese.com\/wp-content\/uploads\/2026\/04\/Physiotherapy-courses-in-the-united-kingdom-1024x683-1-100x67.jpg 100w\" sizes=\"auto, (max-width: 1024px) 100vw, 1024px\" \/><\/figure>\n","protected":false},"excerpt":{"rendered":"","protected":false},"author":1,"featured_media":0,"parent":0,"menu_order":0,"comment_status":"closed","ping_status":"closed","template":"page-templates\/page_fullwidth.php","meta":{"footnotes":""},"class_list":["post-66","page","type-page","status-publish","hentry","clearfix"],"_links":{"self":[{"href":"https:\/\/centrokinese.com\/index.php\/wp-json\/wp\/v2\/pages\/66","targetHints":{"allow":["GET"]}}],"collection":[{"href":"https:\/\/centrokinese.com\/index.php\/wp-json\/wp\/v2\/pages"}],"about":[{"href":"https:\/\/centrokinese.com\/index.php\/wp-json\/wp\/v2\/types\/page"}],"author":[{"embeddable":true,"href":"https:\/\/centrokinese.com\/index.php\/wp-json\/wp\/v2\/users\/1"}],"replies":[{"embeddable":true,"href":"https:\/\/centrokinese.com\/index.php\/wp-json\/wp\/v2\/comments?post=66"}],"version-history":[{"count":3,"href":"https:\/\/centrokinese.com\/index.php\/wp-json\/wp\/v2\/pages\/66\/revisions"}],"predecessor-version":[{"id":104,"href":"https:\/\/centrokinese.com\/index.php\/wp-json\/wp\/v2\/pages\/66\/revisions\/104"}],"wp:attachment":[{"href":"https:\/\/centrokinese.com\/index.php\/wp-json\/wp\/v2\/media?parent=66"}],"curies":[{"name":"wp","href":"https:\/\/api.w.org\/{rel}","templated":true}]}}