{"id":68,"date":"2026-04-06T08:07:58","date_gmt":"2026-04-06T08:07:58","guid":{"rendered":"http:\/\/centrokinese.com\/?page_id=68"},"modified":"2026-04-06T08:08:26","modified_gmt":"2026-04-06T08:08:26","slug":"equipo","status":"publish","type":"page","link":"https:\/\/centrokinese.com\/index.php\/equipo\/","title":{"rendered":"Equipo"},"content":{"rendered":"<div class=\"wp-block-image is-style-rounded\">\n<figure class=\"aligncenter size-full is-resized\"><img loading=\"lazy\" decoding=\"async\" width=\"1024\" height=\"1024\" src=\"http:\/\/centrokinese.com\/wp-content\/uploads\/2026\/04\/sara-1024x1024-1.jpg\" alt=\"\" class=\"wp-image-69\" style=\"width:312px;height:auto\" srcset=\"https:\/\/centrokinese.com\/wp-content\/uploads\/2026\/04\/sara-1024x1024-1.jpg 1024w, https:\/\/centrokinese.com\/wp-content\/uploads\/2026\/04\/sara-1024x1024-1-300x300.jpg 300w, https:\/\/centrokinese.com\/wp-content\/uploads\/2026\/04\/sara-1024x1024-1-150x150.jpg 150w, https:\/\/centrokinese.com\/wp-content\/uploads\/2026\/04\/sara-1024x1024-1-768x768.jpg 768w, https:\/\/centrokinese.com\/wp-content\/uploads\/2026\/04\/sara-1024x1024-1-700x700.jpg 700w, https:\/\/centrokinese.com\/wp-content\/uploads\/2026\/04\/sara-1024x1024-1-520x520.jpg 520w, https:\/\/centrokinese.com\/wp-content\/uploads\/2026\/04\/sara-1024x1024-1-360x360.jpg 360w, https:\/\/centrokinese.com\/wp-content\/uploads\/2026\/04\/sara-1024x1024-1-250x250.jpg 250w, https:\/\/centrokinese.com\/wp-content\/uploads\/2026\/04\/sara-1024x1024-1-100x100.jpg 100w\" sizes=\"auto, (max-width: 1024px) 100vw, 1024px\" \/><\/figure>\n<\/div>\n\n\n<p class=\"has-text-align-center\">Sara S\u00e1nchez-Villaca\u00f1as Hernando<\/p>\n\n\n\n<p>Colegiada 3240<\/p>\n\n\n\n<ul class=\"wp-block-list\">\n<li>Diplomatura en fisioterapia. Universidad Rey Juan Carlos<\/li>\n\n\n\n<li>Terapia manual ortop\u00e9dica (IACES)<\/li>\n\n\n\n<li>Master en Osteopat\u00eda C.O. (5 a\u00f1os) Escuela de Osteopat\u00eda de Madrid<\/li>\n\n\n\n<li>Facilitaci\u00f3n neuromuscular proipoceptiva (metodo Kabat) Universidad Intrnacional de Catalu\u00f1a<\/li>\n\n\n\n<li>Fisioterapia manual instrumental Valencia<\/li>\n<\/ul>\n","protected":false},"excerpt":{"rendered":"<p> [&hellip;]<\/p>\n","protected":false},"author":1,"featured_media":0,"parent":0,"menu_order":0,"comment_status":"closed","ping_status":"closed","template":"page-templates\/page_fullwidth.php","meta":{"footnotes":""},"class_list":["post-68","page","type-page","status-publish","hentry","clearfix"],"_links":{"self":[{"href":"https:\/\/centrokinese.com\/index.php\/wp-json\/wp\/v2\/pages\/68","targetHints":{"allow":["GET"]}}],"collection":[{"href":"https:\/\/centrokinese.com\/index.php\/wp-json\/wp\/v2\/pages"}],"about":[{"href":"https:\/\/centrokinese.com\/index.php\/wp-json\/wp\/v2\/types\/page"}],"author":[{"embeddable":true,"href":"https:\/\/centrokinese.com\/index.php\/wp-json\/wp\/v2\/users\/1"}],"replies":[{"embeddable":true,"href":"https:\/\/centrokinese.com\/index.php\/wp-json\/wp\/v2\/comments?post=68"}],"version-history":[{"count":2,"href":"https:\/\/centrokinese.com\/index.php\/wp-json\/wp\/v2\/pages\/68\/revisions"}],"predecessor-version":[{"id":71,"href":"https:\/\/centrokinese.com\/index.php\/wp-json\/wp\/v2\/pages\/68\/revisions\/71"}],"wp:attachment":[{"href":"https:\/\/centrokinese.com\/index.php\/wp-json\/wp\/v2\/media?parent=68"}],"curies":[{"name":"wp","href":"https:\/\/api.w.org\/{rel}","templated":true}]}}